{"id":1055,"date":"2025-04-25T15:39:20","date_gmt":"2025-04-25T15:39:20","guid":{"rendered":"https:\/\/cgc.arapede.net\/?page_id=1055"},"modified":"2025-06-25T15:08:57","modified_gmt":"2025-06-25T15:08:57","slug":"partenariat","status":"publish","type":"page","link":"https:\/\/cgc.arapede.net\/en\/partenariat\/","title":{"rendered":"Partnership"},"content":{"rendered":"<div data-elementor-type=\"wp-page\" data-elementor-id=\"1055\" class=\"elementor elementor-1055\" data-elementor-post-type=\"page\">\n\t\t\t\t<div class=\"elementor-element elementor-element-7cf8759 e-flex e-con-boxed e-con e-parent\" data-id=\"7cf8759\" data-element_type=\"container\" data-e-type=\"container\">\n\t\t\t\t\t<div class=\"e-con-inner\">\n\t\t\t\t<div class=\"elementor-element elementor-element-c0addc4 elementor-widget elementor-widget-text-editor\" data-id=\"c0addc4\" data-element_type=\"widget\" data-e-type=\"widget\" data-widget_type=\"text-editor.default\">\n\t\t\t\t\t\t\t\t\tCGC INFRA reaches out to tomorrow's talent with Les Plombiers du Num\u00e9rique\nIn the face of the digital revolution, CGC INFRA is doing more than just building infrastructure: we're also building careers.\nBy joining the Les Plombiers du Num\u00e9rique project, we are committed to training the technicians who will build the datacenters and connected objects of tomorrow.\n\nWhy this partnership? Because it embodies two values we hold dear: continuity and solidarity.\n\nContinuity means passing on our expertise to meet the sector's explosive demand. The Impala Avenir Foundation, with major sponsors such as Equinix and Digital Realty, offers a unique training program - and CGC INFRA is proud to contribute its equipment, know-how and experience.\n\nSolidarity means giving a chance to those who want to reinvent themselves. Our business has always been a breeding ground for people in rehabilitation, retraining or looking for work. We know that with motivation, technological curiosity and rigor, anyone can succeed.\n\nAt CGC INFRA, we believe in hidden talent.\nToday, we're reaching out to open the doors of digital technology to them. Tomorrow, they will work with us to build the infrastructures of a connected world.\n\n\t\t\t\t\t\t\t\t<\/div>\n\t\t\t\t\t<\/div>\n\t\t\t\t<\/div>\n\t\t\t\t<\/div>","protected":false},"excerpt":{"rendered":"<p>CGC INFRA tend la main aux talents de demain avec Les Plombiers du Num\u00e9rique Face \u00e0 la r\u00e9volution num\u00e9rique, CGC INFRA fait bien plus que construire des infrastructures : nous construisons aussi des carri\u00e8res. En rejoignant le projet Les Plombiers du Num\u00e9rique, nous nous engageons \u00e0 former les techniciens qui feront le datacenter et les [&hellip;]<\/p>","protected":false},"author":1,"featured_media":0,"parent":0,"menu_order":4,"comment_status":"closed","ping_status":"closed","template":"","meta":{"iawp_total_views":2,"footnotes":""},"class_list":["post-1055","page","type-page","status-publish","hentry"],"_links":{"self":[{"href":"https:\/\/cgc.arapede.net\/en\/wp-json\/wp\/v2\/pages\/1055","targetHints":{"allow":["GET"]}}],"collection":[{"href":"https:\/\/cgc.arapede.net\/en\/wp-json\/wp\/v2\/pages"}],"about":[{"href":"https:\/\/cgc.arapede.net\/en\/wp-json\/wp\/v2\/types\/page"}],"author":[{"embeddable":true,"href":"https:\/\/cgc.arapede.net\/en\/wp-json\/wp\/v2\/users\/1"}],"replies":[{"embeddable":true,"href":"https:\/\/cgc.arapede.net\/en\/wp-json\/wp\/v2\/comments?post=1055"}],"version-history":[{"count":1,"href":"https:\/\/cgc.arapede.net\/en\/wp-json\/wp\/v2\/pages\/1055\/revisions"}],"predecessor-version":[{"id":4046,"href":"https:\/\/cgc.arapede.net\/en\/wp-json\/wp\/v2\/pages\/1055\/revisions\/4046"}],"wp:attachment":[{"href":"https:\/\/cgc.arapede.net\/en\/wp-json\/wp\/v2\/media?parent=1055"}],"curies":[{"name":"wp","href":"https:\/\/api.w.org\/{rel}","templated":true}]}}