{"id":1038,"date":"2025-04-25T15:09:40","date_gmt":"2025-04-25T15:09:40","guid":{"rendered":"https:\/\/cgc.arapede.net\/?page_id=1038"},"modified":"2025-06-25T15:08:57","modified_gmt":"2025-06-25T15:08:57","slug":"la-societe","status":"publish","type":"page","link":"https:\/\/cgc.arapede.net\/en\/la-societe\/","title":{"rendered":"The company"},"content":{"rendered":"<div data-elementor-type=\"wp-page\" data-elementor-id=\"1038\" class=\"elementor elementor-1038\" data-elementor-post-type=\"page\">\n\t\t\t\t<div class=\"elementor-element elementor-element-342454c e-flex e-con-boxed e-con e-parent\" data-id=\"342454c\" data-element_type=\"container\" data-e-type=\"container\">\n\t\t\t\t\t<div class=\"e-con-inner\">\n\t\t\t\t<div class=\"elementor-element elementor-element-44c4950 elementor-widget elementor-widget-text-editor\" data-id=\"44c4950\" data-element_type=\"widget\" data-e-type=\"widget\" data-widget_type=\"text-editor.default\">\n\t\t\t\t\t\t\t\t\t<p>Headquartered in the Paris region, CGC has been involved in European deployments from the outset.<\/p>\n<p><span style=\"font-size: 1rem;\">President Mr CAIAZZO has succeeded in winning the confidence of his customers by demonstrating the quality of his work.&nbsp;<\/span><\/p><p><span style=\"font-size: 1rem;\">His career path has enabled him to acquire skills at all levels of a company's hierarchy.<\/span><\/p>\n<p><span style=\"font-size: 1rem;\">With 3 years' experience as an IT and telecoms network installer in data centers, followed by 2 years as a team leader, he quickly became operational manager, before setting up CGC.<\/span><\/p>\n<p><span style=\"font-size: 1rem;\">The company you've been waiting for, combining modernity and tradition.<\/span><\/p>\n<p><span style=\"font-size: 1rem;\">Quality, safety and respect for the environment are an integral part of CGC's values and methods, involving all its employees in a respectful approach to applying these fundamental principles in the field, demonstrating a constructive and responsible attitude.<\/span><\/p>\n<p><span style=\"font-size: 1rem;\">As an expert installer of copper and high-speed fiber optics, CGC specializes in the installation and interconnection of the most complex communications systems and networks.<\/span><\/p>\n<p><span style=\"font-size: 1rem;\">Our areas of expertise enable us to provide solutions for a wide range of needs, and to respond to all types of buildings and environments.<\/span><\/p>\n<p><span style=\"font-size: 1rem;\">We focus on the quality of our work, thanks to the skills of our employees. For us, the future lies in ensuring the long-term future of our networks through constant technological monitoring.<\/span><\/p>\n<p><span style=\"font-size: 1rem;\">We are constantly striving to ensure our customers' satisfaction and loyalty by providing them with services and products that fully meet their expectations.<\/span><\/p>\n<p><span style=\"font-size: 1rem;\">To do this, we constantly analyze their needs.<\/span><\/p>\n<p><span style=\"font-size: 1rem;\">Our reactivity in the face of competition and very tight deadlines means that we have to establish efficient internal processes that are always in line with our economic sector.<\/span><\/p>\t\t\t\t\t\t\t\t<\/div>\n\t\t\t\t\t<\/div>\n\t\t\t\t<\/div>\n\t\t\t\t<\/div>","protected":false},"excerpt":{"rendered":"<p>CGC, dont le si\u00e8ge social se situe en \u00cele-de-France, a su intervenir d\u00e8s son d\u00e9part dans des d\u00e9ploiements europ\u00e9ens. Le pr\u00e9sident Mr CAIAZZO a r\u00e9ussi \u00e0 obtenir la confiance de ses clients en d\u00e9montrant la qualit\u00e9 de son travail.&nbsp; Son parcours professionnel lui a permis d\u2019acqu\u00e9rir des comp\u00e9tences dans tous les niveaux hi\u00e9rarchiques d\u2019une entreprise. [&hellip;]<\/p>","protected":false},"author":1,"featured_media":0,"parent":0,"menu_order":3,"comment_status":"closed","ping_status":"closed","template":"","meta":{"iawp_total_views":1,"footnotes":""},"class_list":["post-1038","page","type-page","status-publish","hentry"],"_links":{"self":[{"href":"https:\/\/cgc.arapede.net\/en\/wp-json\/wp\/v2\/pages\/1038","targetHints":{"allow":["GET"]}}],"collection":[{"href":"https:\/\/cgc.arapede.net\/en\/wp-json\/wp\/v2\/pages"}],"about":[{"href":"https:\/\/cgc.arapede.net\/en\/wp-json\/wp\/v2\/types\/page"}],"author":[{"embeddable":true,"href":"https:\/\/cgc.arapede.net\/en\/wp-json\/wp\/v2\/users\/1"}],"replies":[{"embeddable":true,"href":"https:\/\/cgc.arapede.net\/en\/wp-json\/wp\/v2\/comments?post=1038"}],"version-history":[{"count":1,"href":"https:\/\/cgc.arapede.net\/en\/wp-json\/wp\/v2\/pages\/1038\/revisions"}],"predecessor-version":[{"id":4057,"href":"https:\/\/cgc.arapede.net\/en\/wp-json\/wp\/v2\/pages\/1038\/revisions\/4057"}],"wp:attachment":[{"href":"https:\/\/cgc.arapede.net\/en\/wp-json\/wp\/v2\/media?parent=1038"}],"curies":[{"name":"wp","href":"https:\/\/api.w.org\/{rel}","templated":true}]}}