{"id":1018,"date":"2025-04-25T14:49:37","date_gmt":"2025-04-25T14:49:37","guid":{"rendered":"https:\/\/cgc.arapede.net\/?page_id=1018"},"modified":"2025-06-25T15:08:57","modified_gmt":"2025-06-25T15:08:57","slug":"engagement","status":"publish","type":"page","link":"https:\/\/cgc.arapede.net\/en\/engagement\/","title":{"rendered":"Commitment"},"content":{"rendered":"<div data-elementor-type=\"wp-page\" data-elementor-id=\"1018\" class=\"elementor elementor-1018\" data-elementor-post-type=\"page\">\n\t\t\t\t<div class=\"elementor-element elementor-element-f4b369d e-flex e-con-boxed e-con e-parent\" data-id=\"f4b369d\" data-element_type=\"container\" data-e-type=\"container\">\n\t\t\t\t\t<div class=\"e-con-inner\">\n\t\t\t\t<div class=\"elementor-element elementor-element-3f9e9f8 elementor-widget elementor-widget-heading\" data-id=\"3f9e9f8\" data-element_type=\"widget\" data-e-type=\"widget\" data-widget_type=\"heading.default\">\n\t\t\t\t\t<h1 class=\"elementor-heading-title elementor-size-default\">Commitment<\/h1>\t\t\t\t<\/div>\n\t\t\t\t\t<\/div>\n\t\t\t\t<\/div>\n\t\t<div class=\"elementor-element elementor-element-d48bf03 e-flex e-con-boxed e-con e-parent\" data-id=\"d48bf03\" data-element_type=\"container\" data-e-type=\"container\">\n\t\t\t\t\t<div class=\"e-con-inner\">\n\t\t\t\t<div class=\"elementor-element elementor-element-4804bb4 elementor-widget elementor-widget-heading\" data-id=\"4804bb4\" data-element_type=\"widget\" data-e-type=\"widget\" data-widget_type=\"heading.default\">\n\t\t\t\t\t<h2 class=\"elementor-heading-title elementor-size-default\">PROJECT MANAGEMENT<\/h2>\t\t\t\t<\/div>\n\t\t\t\t<div class=\"elementor-element elementor-element-e978ffb elementor-widget__width-initial elementor-widget elementor-widget-text-editor\" data-id=\"e978ffb\" data-element_type=\"widget\" data-e-type=\"widget\" data-widget_type=\"text-editor.default\">\n\t\t\t\t\t\t\t\t\t<p>We support our customers in the study, design and installation of networks.&nbsp;<\/p><p>Quality control through identification leading to<\/p>\n<ul>\n<li>creation of a Technical Installation Document (DTI)<\/li>\n<li>a Risk Prevention Plan.<\/li>\n<li>Monitoring and checking services from the sales process through to delivery.<\/li>\n<li>Detailed planning and adherence to deadlines.<\/li>\n<li>An intervention report with deliverables, recipe book and photos.<\/li>\n<\/ul>\t\t\t\t\t\t\t\t<\/div>\n\t\t\t\t\t<\/div>\n\t\t\t\t<\/div>\n\t\t<div class=\"elementor-element elementor-element-e949a88 e-flex e-con-boxed e-con e-parent\" data-id=\"e949a88\" data-element_type=\"container\" data-e-type=\"container\">\n\t\t\t\t\t<div class=\"e-con-inner\">\n\t\t\t\t<div class=\"elementor-element elementor-element-642e279 elementor-widget elementor-widget-heading\" data-id=\"642e279\" data-element_type=\"widget\" data-e-type=\"widget\" data-widget_type=\"heading.default\">\n\t\t\t\t\t<h2 class=\"elementor-heading-title elementor-size-default\">GUARANTEE<\/h2>\t\t\t\t<\/div>\n\t\t\t\t<div class=\"elementor-element elementor-element-8cd7840 elementor-widget__width-initial elementor-widget elementor-widget-text-editor\" data-id=\"8cd7840\" data-element_type=\"widget\" data-e-type=\"widget\" data-widget_type=\"text-editor.default\">\n\t\t\t\t\t\t\t\t\t<p>When you call on CGC INFRA, you're guaranteed results in terms of performance, ergonomics and the durability of the cabling solution installed.<\/p><ul><li>\u00a0CGC INFRA ensures the success of your project by focusing on three key areas: deadlines, quality and aesthetics.<\/li><li>A manufacturer's warranty of up to 20 years on the operation of installed products.<\/li><li>A ten-year warranty for all building work.<\/li><\/ul>\t\t\t\t\t\t\t\t<\/div>\n\t\t\t\t\t<\/div>\n\t\t\t\t<\/div>\n\t\t<div class=\"elementor-element elementor-element-7578ab1 e-flex e-con-boxed e-con e-parent\" data-id=\"7578ab1\" data-element_type=\"container\" data-e-type=\"container\">\n\t\t\t\t\t<div class=\"e-con-inner\">\n\t\t\t\t<div class=\"elementor-element elementor-element-416d558 elementor-widget elementor-widget-heading\" data-id=\"416d558\" data-element_type=\"widget\" data-e-type=\"widget\" data-widget_type=\"heading.default\">\n\t\t\t\t\t<h2 class=\"elementor-heading-title elementor-size-default\">RESOURCES<\/h2>\t\t\t\t<\/div>\n\t\t\t\t<div class=\"elementor-element elementor-element-a074f32 elementor-widget__width-initial elementor-widget elementor-widget-text-editor\" data-id=\"a074f32\" data-element_type=\"widget\" data-e-type=\"widget\" data-widget_type=\"text-editor.default\">\n\t\t\t\t\t\t\t\t\t<p>CGC INFRA maintains and develops its skills by constantly monitoring the evolution of data rates, communication protocols and standards, and by keeping a close eye on technological developments.<\/p><p>Certified as a partner installer by leading manufacturers in the network infrastructure sector, our materials, IT equipment \/ testers \/ tools and documentation are constantly available and adapted.<\/p><p>Setting up a Specific Health and Safety Protection Plan (P.P.S.P.S) for employees.<\/p><p>Our pooled resources provide the necessary back-up to cope with peaks in activity.<\/p><p>The implementation of monitoring and evaluation of our quality objectives, as planned on an annual basis.<\/p><p>Quality of work combined with respect for the environment is an integral part of CGC's values and methods.<\/p>\t\t\t\t\t\t\t\t<\/div>\n\t\t\t\t\t<\/div>\n\t\t\t\t<\/div>\n\t\t<div class=\"elementor-element elementor-element-5a5c551 e-flex e-con-boxed e-con e-parent\" data-id=\"5a5c551\" data-element_type=\"container\" data-e-type=\"container\">\n\t\t\t\t\t<div class=\"e-con-inner\">\n\t\t\t\t<div class=\"elementor-element elementor-element-db8d11d elementor-widget elementor-widget-heading\" data-id=\"db8d11d\" data-element_type=\"widget\" data-e-type=\"widget\" data-widget_type=\"heading.default\">\n\t\t\t\t\t<h2 class=\"elementor-heading-title elementor-size-default\">STANDARDISATION<\/h2>\t\t\t\t<\/div>\n\t\t\t\t<div class=\"elementor-element elementor-element-9ee8923 elementor-widget__width-initial elementor-widget elementor-widget-text-editor\" data-id=\"9ee8923\" data-element_type=\"widget\" data-e-type=\"widget\" data-widget_type=\"text-editor.default\">\n\t\t\t\t\t\t\t\t\t<p>Compliance with various regulations and technical standards (ISO\/IEC11801:2002\/Amd2) in the field of cabling.<\/p><p>Compliance with certification body requirements.<\/p><p>In manufacturing and installation, we scrupulously follow the plans provided by our customers, and communicate with them to make improvements where necessary.<\/p><p>The products purchased and delivered meet the customer's requirements, comply with current regulations and are of certified quality.&nbsp;&nbsp;&nbsp;&nbsp;&nbsp;&nbsp;&nbsp;&nbsp;&nbsp;<\/p>\t\t\t\t\t\t\t\t<\/div>\n\t\t\t\t<div class=\"elementor-element elementor-element-84940ee elementor-widget elementor-widget-image\" data-id=\"84940ee\" data-element_type=\"widget\" data-e-type=\"widget\" data-widget_type=\"image.default\">\n\t\t\t\t\t\t\t\t\t\t\t\t\t\t\t<img decoding=\"async\" width=\"150\" height=\"56\" src=\"https:\/\/cgc.arapede.net\/wp-content\/uploads\/2025\/04\/Normalisation-150x56.webp\" class=\"attachment-thumbnail size-thumbnail wp-image-1022\" alt=\"\" \/>\t\t\t\t\t\t\t\t\t\t\t\t\t\t\t<\/div>\n\t\t\t\t\t<\/div>\n\t\t\t\t<\/div>\n\t\t\t\t<\/div>","protected":false},"excerpt":{"rendered":"<p>Engagement GESTION DE PROJET Nous accompagnons nos client dans l&rsquo;\u00e9tude, la conception et la r\u00e9alisation de l&rsquo;installation de r\u00e9seaux.&nbsp; Une ma\u00eetrise de la qualit\u00e9 par l\u2019identification entrainant la cr\u00e9ation d\u2019un Document Technique d\u2019Installation (DTI) d&rsquo;un Plan de Pr\u00e9vention des Risques. Le suivi et la v\u00e9rification des prestations d\u00e8s le processus commercial et jusqu&rsquo;\u00e0 leur fourniture. [&hellip;]<\/p>","protected":false},"author":1,"featured_media":0,"parent":0,"menu_order":5,"comment_status":"closed","ping_status":"closed","template":"","meta":{"iawp_total_views":1,"footnotes":""},"class_list":["post-1018","page","type-page","status-publish","hentry"],"_links":{"self":[{"href":"https:\/\/cgc.arapede.net\/en\/wp-json\/wp\/v2\/pages\/1018","targetHints":{"allow":["GET"]}}],"collection":[{"href":"https:\/\/cgc.arapede.net\/en\/wp-json\/wp\/v2\/pages"}],"about":[{"href":"https:\/\/cgc.arapede.net\/en\/wp-json\/wp\/v2\/types\/page"}],"author":[{"embeddable":true,"href":"https:\/\/cgc.arapede.net\/en\/wp-json\/wp\/v2\/users\/1"}],"replies":[{"embeddable":true,"href":"https:\/\/cgc.arapede.net\/en\/wp-json\/wp\/v2\/comments?post=1018"}],"version-history":[{"count":1,"href":"https:\/\/cgc.arapede.net\/en\/wp-json\/wp\/v2\/pages\/1018\/revisions"}],"predecessor-version":[{"id":4058,"href":"https:\/\/cgc.arapede.net\/en\/wp-json\/wp\/v2\/pages\/1018\/revisions\/4058"}],"wp:attachment":[{"href":"https:\/\/cgc.arapede.net\/en\/wp-json\/wp\/v2\/media?parent=1018"}],"curies":[{"name":"wp","href":"https:\/\/api.w.org\/{rel}","templated":true}]}}